{"id":15874,"date":"2014-03-18T09:49:29","date_gmt":"2014-03-18T09:49:29","guid":{"rendered":"http:\/\/www.lounsburys.com\/new\/homepages\/"},"modified":"2019-06-04T09:27:21","modified_gmt":"2019-06-04T12:27:21","slug":"homepages","status":"publish","type":"page","link":"https:\/\/www.lounsburys.com\/fr\/","title":{"rendered":"Accueil"},"content":{"rendered":"<div class=\"wpb-content-wrapper\"><p>[vc_row css=\u00a0\u00bb.vc_custom_1544019628956{padding-top: 70px !important;padding-bottom: 70px !important;}\u00a0\u00bb][vc_column]<div id=\"ultimate-heading-96669eb509bc99f5\" class=\"uvc-heading ult-adjust-bottom-margin ultimate-heading-96669eb509bc99f5 uvc-5007 \" data-hspacer=\"no_spacer\"  data-halign=\"left\" style=\"text-align:left\"><div class=\"uvc-heading-spacer no_spacer\" style=\"top\"><\/div><div class=\"uvc-main-heading ult-responsive\"  data-ultimate-target='.uvc-heading.ultimate-heading-96669eb509bc99f5 h2'  data-responsive-json-new='{\"font-size\":\"desktop:20px;\",\"line-height\":\"desktop:30px;\"}' ><h2 style=\"font-weight:bold;margin-bottom:20px;\">NOTRE HISTOIRE<\/h2><\/div><\/div>[vc_row_inner][vc_column_inner width=\u00a0\u00bb1\/2&Prime;][vc_column_text]Le Groupe Lounsbury dessert fi\u00e8rement le Nouveau-Brunswick depuis plus de 140 ans et nous sommes devenus un incontournable dans plusieurs communaut\u00e9s de la province.<\/p>\n<p>L\u2019histoire de Lounsbury d\u00e9bute avec un petit magasin sur le quai de Newcastle en 1878. Le Groupe Lounsbury est aujourd\u2019hui propri\u00e9taire et gestionnaire de cinq concessionnaires General Motors, un concessionnaire BMW\/MINI, un concessionnaire Volkswagen, un concessionnaire Audi, un concessionnaire Ford, un concessionnaire de v\u00e9hicules d\u2019occasion, deux concessionnaires de camions de gros tonnage des marques Volvo et Mack, et deux magasins d\u2019ameublement. La compagnie a grandi pour employer plus de 500 personnes et elle offre des postes stimulants et enrichissants dans les secteurs des marchandises, de l\u2019administration des affaires, les ventes et les m\u00e9tiers. Elle est dirig\u00e9e par le pr\u00e9sident et directeur g\u00e9n\u00e9ral, Ed McNally, qui est avec le Groupe Lounsbury depuis 1995.<\/p>\n<p>Il y a un vieux dicton \u2013 <strong>Les cent premi\u00e8res ann\u00e9es sont les plus difficiles<\/strong> \u2014 ce qui peut \u00eatre vrai ou non. Dans tous les cas, le Groupe Lounsbury anticipe les 100 prochaines ann\u00e9es avec enthousiasme et optimisme et remercie son grand nombre de clients merveilleux et ses fournisseurs pour leur appui au fil des ans.<\/p>\n<h4>NOTRE MISSION EST DE SERVIR AVEC ENTHOUSIASME NOS COMMUNAUT\u00c9S EN LEUR LIVRANT UNE VALEUR ET UN SERVICE DE QUALIT\u00c9.<\/h4>\n<p><a href=\"https:\/\/www.lounsburys.com\/about-company\/\">Lisez notre histoire compl\u00e8te ici.<\/a>[\/vc_column_text][\/vc_column_inner][vc_column_inner width=\u00a0\u00bb1\/2&Prime;][vc_video link=\u00a0\u00bbhttps:\/\/youtu.be\/tkIyOg4xx6U\u00a0\u00bb align=\u00a0\u00bbcenter\u00a0\u00bb][\/vc_column_inner][\/vc_row_inner][\/vc_column][\/vc_row]<\/p>\n<\/div>","protected":false},"excerpt":{"rendered":"<p>[vc_row css=\u00a0\u00bb.vc_custom_1544019628956{padding-top: 70px !important;padding-bottom: 70px !important;}\u00a0\u00bb][vc_column][vc_row_inner][vc_column_inner width=\u00a0\u00bb1\/2&Prime;][vc_column_text]Le Groupe Lounsbury dessert fi\u00e8rement le Nouveau-Brunswick depuis plus de 140 ans et nous sommes devenus un incontournable dans plusieurs communaut\u00e9s de la province. L\u2019histoire de Lounsbury d\u00e9bute avec un petit magasin sur le quai de Newcastle en 1878. Le Groupe Lounsbury est aujourd\u2019hui propri\u00e9taire et gestionnaire de cinq&hellip;<\/p>\n","protected":false},"author":1,"featured_media":0,"parent":0,"menu_order":0,"comment_status":"closed","ping_status":"closed","template":"","meta":{"_exactmetrics_skip_tracking":false,"_exactmetrics_sitenote_active":false,"_exactmetrics_sitenote_note":"","_exactmetrics_sitenote_category":0,"footnotes":""},"class_list":["post-15874","page","type-page","status-publish","hentry","description-off"],"yoast_head":"<!-- This site is optimized with the Yoast SEO plugin v26.8 - https:\/\/yoast.com\/product\/yoast-seo-wordpress\/ -->\n<title>Accueil - Groupe Lounsbury Group<\/title>\n<meta name=\"robots\" content=\"index, follow, max-snippet:-1, max-image-preview:large, max-video-preview:-1\" \/>\n<link rel=\"canonical\" href=\"https:\/\/www.lounsburys.com\/fr\/\" \/>\n<meta property=\"og:locale\" content=\"fr_FR\" \/>\n<meta property=\"og:type\" content=\"article\" \/>\n<meta property=\"og:title\" content=\"Accueil - Groupe Lounsbury Group\" \/>\n<meta property=\"og:description\" content=\"[vc_row css=\u00a0\u00bb.vc_custom_1544019628956{padding-top: 70px !important;padding-bottom: 70px !important;}\u00a0\u00bb][vc_column][vc_row_inner][vc_column_inner width=\u00a0\u00bb1\/2&Prime;][vc_column_text]Le Groupe Lounsbury dessert fi\u00e8rement le Nouveau-Brunswick depuis plus de 140 ans et nous sommes devenus un incontournable dans plusieurs communaut\u00e9s de la province. L\u2019histoire de Lounsbury d\u00e9bute avec un petit magasin sur le quai de Newcastle en 1878. Le Groupe Lounsbury est aujourd\u2019hui propri\u00e9taire et gestionnaire de cinq&hellip;\" \/>\n<meta property=\"og:url\" content=\"https:\/\/www.lounsburys.com\/fr\/\" \/>\n<meta property=\"og:site_name\" content=\"Groupe Lounsbury Group\" \/>\n<meta property=\"article:modified_time\" content=\"2019-06-04T12:27:21+00:00\" \/>\n<meta property=\"og:image\" content=\"https:\/\/www.lounsburys.com\/wp-content\/uploads\/2019\/03\/Facebook-Share-Image.jpg\" \/>\n\t<meta property=\"og:image:width\" content=\"1200\" \/>\n\t<meta property=\"og:image:height\" content=\"630\" \/>\n\t<meta property=\"og:image:type\" content=\"image\/jpeg\" \/>\n<meta name=\"twitter:card\" content=\"summary_large_image\" \/>\n<meta name=\"twitter:label1\" content=\"Dur\u00e9e de lecture estim\u00e9e\" \/>\n\t<meta name=\"twitter:data1\" content=\"2 minutes\" \/>\n<script type=\"application\/ld+json\" class=\"yoast-schema-graph\">{\"@context\":\"https:\/\/schema.org\",\"@graph\":[{\"@type\":\"WebPage\",\"@id\":\"https:\/\/www.lounsburys.com\/fr\/\",\"url\":\"https:\/\/www.lounsburys.com\/fr\/\",\"name\":\"Accueil - Groupe Lounsbury Group\",\"isPartOf\":{\"@id\":\"https:\/\/www.lounsburys.com\/#website\"},\"datePublished\":\"2014-03-18T09:49:29+00:00\",\"dateModified\":\"2019-06-04T12:27:21+00:00\",\"breadcrumb\":{\"@id\":\"https:\/\/www.lounsburys.com\/fr\/#breadcrumb\"},\"inLanguage\":\"fr-FR\",\"potentialAction\":[{\"@type\":\"ReadAction\",\"target\":[\"https:\/\/www.lounsburys.com\/fr\/\"]}]},{\"@type\":\"BreadcrumbList\",\"@id\":\"https:\/\/www.lounsburys.com\/fr\/#breadcrumb\",\"itemListElement\":[{\"@type\":\"ListItem\",\"position\":1,\"name\":\"Home\",\"item\":\"https:\/\/www.lounsburys.com\/fr\/\"},{\"@type\":\"ListItem\",\"position\":2,\"name\":\"Accueil\"}]},{\"@type\":\"WebSite\",\"@id\":\"https:\/\/www.lounsburys.com\/#website\",\"url\":\"https:\/\/www.lounsburys.com\/\",\"name\":\"Groupe Lounsbury Group\",\"description\":\"It&#039;s all about living\",\"potentialAction\":[{\"@type\":\"SearchAction\",\"target\":{\"@type\":\"EntryPoint\",\"urlTemplate\":\"https:\/\/www.lounsburys.com\/?s={search_term_string}\"},\"query-input\":{\"@type\":\"PropertyValueSpecification\",\"valueRequired\":true,\"valueName\":\"search_term_string\"}}],\"inLanguage\":\"fr-FR\"}]}<\/script>\n<!-- \/ Yoast SEO plugin. -->","yoast_head_json":{"title":"Accueil - Groupe Lounsbury Group","robots":{"index":"index","follow":"follow","max-snippet":"max-snippet:-1","max-image-preview":"max-image-preview:large","max-video-preview":"max-video-preview:-1"},"canonical":"https:\/\/www.lounsburys.com\/fr\/","og_locale":"fr_FR","og_type":"article","og_title":"Accueil - Groupe Lounsbury Group","og_description":"[vc_row css=\u00a0\u00bb.vc_custom_1544019628956{padding-top: 70px !important;padding-bottom: 70px !important;}\u00a0\u00bb][vc_column][vc_row_inner][vc_column_inner width=\u00a0\u00bb1\/2&Prime;][vc_column_text]Le Groupe Lounsbury dessert fi\u00e8rement le Nouveau-Brunswick depuis plus de 140 ans et nous sommes devenus un incontournable dans plusieurs communaut\u00e9s de la province. L\u2019histoire de Lounsbury d\u00e9bute avec un petit magasin sur le quai de Newcastle en 1878. Le Groupe Lounsbury est aujourd\u2019hui propri\u00e9taire et gestionnaire de cinq&hellip;","og_url":"https:\/\/www.lounsburys.com\/fr\/","og_site_name":"Groupe Lounsbury Group","article_modified_time":"2019-06-04T12:27:21+00:00","og_image":[{"width":1200,"height":630,"url":"https:\/\/www.lounsburys.com\/wp-content\/uploads\/2019\/03\/Facebook-Share-Image.jpg","type":"image\/jpeg"}],"twitter_card":"summary_large_image","twitter_misc":{"Dur\u00e9e de lecture estim\u00e9e":"2 minutes"},"schema":{"@context":"https:\/\/schema.org","@graph":[{"@type":"WebPage","@id":"https:\/\/www.lounsburys.com\/fr\/","url":"https:\/\/www.lounsburys.com\/fr\/","name":"Accueil - Groupe Lounsbury Group","isPartOf":{"@id":"https:\/\/www.lounsburys.com\/#website"},"datePublished":"2014-03-18T09:49:29+00:00","dateModified":"2019-06-04T12:27:21+00:00","breadcrumb":{"@id":"https:\/\/www.lounsburys.com\/fr\/#breadcrumb"},"inLanguage":"fr-FR","potentialAction":[{"@type":"ReadAction","target":["https:\/\/www.lounsburys.com\/fr\/"]}]},{"@type":"BreadcrumbList","@id":"https:\/\/www.lounsburys.com\/fr\/#breadcrumb","itemListElement":[{"@type":"ListItem","position":1,"name":"Home","item":"https:\/\/www.lounsburys.com\/fr\/"},{"@type":"ListItem","position":2,"name":"Accueil"}]},{"@type":"WebSite","@id":"https:\/\/www.lounsburys.com\/#website","url":"https:\/\/www.lounsburys.com\/","name":"Groupe Lounsbury Group","description":"It&#039;s all about living","potentialAction":[{"@type":"SearchAction","target":{"@type":"EntryPoint","urlTemplate":"https:\/\/www.lounsburys.com\/?s={search_term_string}"},"query-input":{"@type":"PropertyValueSpecification","valueRequired":true,"valueName":"search_term_string"}}],"inLanguage":"fr-FR"}]}},"_links":{"self":[{"href":"https:\/\/www.lounsburys.com\/fr\/wp-json\/wp\/v2\/pages\/15874","targetHints":{"allow":["GET"]}}],"collection":[{"href":"https:\/\/www.lounsburys.com\/fr\/wp-json\/wp\/v2\/pages"}],"about":[{"href":"https:\/\/www.lounsburys.com\/fr\/wp-json\/wp\/v2\/types\/page"}],"author":[{"embeddable":true,"href":"https:\/\/www.lounsburys.com\/fr\/wp-json\/wp\/v2\/users\/1"}],"replies":[{"embeddable":true,"href":"https:\/\/www.lounsburys.com\/fr\/wp-json\/wp\/v2\/comments?post=15874"}],"version-history":[{"count":4,"href":"https:\/\/www.lounsburys.com\/fr\/wp-json\/wp\/v2\/pages\/15874\/revisions"}],"predecessor-version":[{"id":15878,"href":"https:\/\/www.lounsburys.com\/fr\/wp-json\/wp\/v2\/pages\/15874\/revisions\/15878"}],"wp:attachment":[{"href":"https:\/\/www.lounsburys.com\/fr\/wp-json\/wp\/v2\/media?parent=15874"}],"curies":[{"name":"wp","href":"https:\/\/api.w.org\/{rel}","templated":true}]}}