{"id":15948,"date":"2019-07-22T12:43:26","date_gmt":"2019-07-22T15:43:26","guid":{"rendered":"http:\/\/www.lounsburys.com\/?page_id=15948"},"modified":"2022-12-20T09:51:46","modified_gmt":"2022-12-20T13:51:46","slug":"carrieres","status":"publish","type":"page","link":"https:\/\/www.lounsburys.com\/fr\/carrieres\/","title":{"rendered":"Carri\u00e8res"},"content":{"rendered":"<div class=\"wpb-content-wrapper\"><p>[vc_row bg_type=\u00a0\u00bbimage\u00a0\u00bb parallax_style=\u00a0\u00bbvcpb-vz-jquery\u00a0\u00bb bg_image_new=\u00a0\u00bbid^15586|url^https:\/\/www.lounsburys.com\/wp-content\/uploads\/2019\/05\/shutterstock_548213593.jpg|caption^null|alt^null|title^Join Groupe Lounsbury Group|description^null\u00a0\u00bb bg_image_repeat=\u00a0\u00bbno-repeat\u00a0\u00bb bg_override=\u00a0\u00bbex-full\u00a0\u00bb enable_overlay=\u00a0\u00bbenable_overlay_value\u00a0\u00bb overlay_color=\u00a0\u00bbrgba(0,0,0,0.5)\u00a0\u00bb overlay_pattern=\u00a0\u00bbtransperant\u00a0\u00bb overlay_pattern_opacity=\u00a0\u00bb25&Prime; type=\u00a0\u00bbvc_default\u00a0\u00bb margin_top=\u00a0\u00bb-50&Prime; css=\u00a0\u00bb.vc_custom_1557324440817{padding-top: 10% !important;padding-bottom: 10% !important;background-color: #000000 !important;}\u00a0\u00bb][vc_column offset=\u00a0\u00bbvc_col-lg-12 vc_col-md-12&Prime; css=\u00a0\u00bb.vc_custom_1476030031960{padding-bottom: 10px !important;}\u00a0\u00bb]<div id=\"ultimate-heading-80469eb64cb47afc\" class=\"uvc-heading ult-adjust-bottom-margin ultimate-heading-80469eb64cb47afc uvc-7634 accent-title-color\" data-hspacer=\"no_spacer\"  data-halign=\"center\" style=\"text-align:center\"><div class=\"uvc-heading-spacer no_spacer\" style=\"top\"><\/div><div class=\"uvc-main-heading ult-responsive\"  data-ultimate-target='.uvc-heading.ultimate-heading-80469eb64cb47afc h2'  data-responsive-json-new='{\"font-size\":\"desktop:34px;mobile_landscape:22px;mobile:22px;\",\"line-height\":\"desktop:46px;mobile_landscape:32px;mobile:32px;\"}' ><h2 style=\"font-family:&#039;Raleway&#039;;font-weight:700;color:#ffffff;\">Carri\u00e8res<\/h2><\/div><div class=\"uvc-sub-heading ult-responsive\"  data-ultimate-target='.uvc-heading.ultimate-heading-80469eb64cb47afc .uvc-sub-heading '  data-responsive-json-new='{\"font-size\":\"desktop:58px;mobile_landscape:38px;mobile:30px;\",\"line-height\":\"desktop:68px;mobile_landscape:48px;mobile:40px;\"}'  style=\"font-family:&#039;Raleway&#039;;font-weight:700;color:#ffffff;margin-top:10px;margin-bottom:20px;\">Joignez notre \u00e9quipe<\/div><\/div><style type=\"text\/css\" data-type=\"the7_shortcodes-inline-css\">.dt-breadcrumbs-id-00e7ad14fe45716ac790718ece057902 .breadcrumbs {\n  display: inline-block;\n  margin: 0;\n  padding: 2px 12px 2px 12px;\n  border: 1px solid rgba(255,255,255,0.25);\n  border-radius: 0px;\n}\n.dt-breadcrumbs-id-00e7ad14fe45716ac790718ece057902 .breadcrumbs * {\n  font-size: 13px;\n  line-height: 16px;\n  color: #ffffff;\n}<\/style><div class=\"dt-breadcrumbs-shortcode dt-breadcrumbs-id-00e7ad14fe45716ac790718ece057902 align-centre\"><div class=\"assistive-text\">Vous \u00eates ici :<\/div><ol class=\"breadcrumbs text-small\" itemscope itemtype=\"https:\/\/schema.org\/BreadcrumbList\"><li itemprop=\"itemListElement\" itemscope itemtype=\"https:\/\/schema.org\/ListItem\"><a itemprop=\"item\" href=\"https:\/\/www.lounsburys.com\/fr\/\" title=\"Accueil\"><span itemprop=\"name\">Accueil<\/span><\/a><meta itemprop=\"position\" content=\"1\" \/><\/li><li class=\"current\" itemprop=\"itemListElement\" itemscope itemtype=\"https:\/\/schema.org\/ListItem\"><span itemprop=\"name\">Page<\/span><meta itemprop=\"position\" content=\"2\" \/><\/li><\/ol><\/div>[\/vc_column][\/vc_row][vc_row css=\u00a0\u00bb.vc_custom_1542204072848{margin-top: 70px !important;margin-bottom: 20px !important;}\u00a0\u00bb][vc_column width=\u00a0\u00bb1\/2&Prime;][vc_column_text]<b>Le Groupe Lounsbury<\/b><span style=\"font-weight: 400;\">\u00a0op\u00e8re avec succ\u00e8s des installations automobiles et de vente au d\u00e9tail au Nouveau-Brunswick et il dessert toute la province du nord au sud. La plus grande r\u00e9alisation de Lounsbury est son habilet\u00e9 d\u2019avoir assur\u00e9 la croissance de l\u2019entreprise dans l\u2019environnement diversifi\u00e9 des communaut\u00e9s bilingues avec des demandes socio-\u00e9conomiques vari\u00e9es. Le Groupe Lounsbury embauche plus de 500 employ\u00e9s dans ses huit concessionnaires automobiles, deux concessionnaires de camions de gros tonnage, trois magasins de meubles et notre propre entreprise de location ind\u00e9pendante. Nous sommes une compagnie qui se renouv\u00e8le constamment pour demeurer un chef de file dans nos entreprises respectives. L\u2019avantage de notre h\u00e9ritage et de notre pr\u00e9sence actuelle fait en sorte que notre r\u00e9seau d\u2019op\u00e9rations couvre la r\u00e9gion et notre bonne volont\u00e9 corporative nous a permis de d\u00e9velopper des relations fortes dans les communaut\u00e9s que nous servons. <\/span>[\/vc_column_text][vc_empty_space height=\u00a0\u00bb21px\u00a0\u00bb]<style type=\"text\/css\" data-type=\"the7_shortcodes-inline-css\">#default-btn-a39ea09b32c32963523f90e8dbf6bacb {\n  border-radius: 0px;\n  font-size: 18px;\n  line-height: 20px;\n}\n.btn-shadow#default-btn-a39ea09b32c32963523f90e8dbf6bacb {\n  box-shadow: 0 1px 6px rgba(0,0,0,0.12);\n  transition: box-shadow 0.2s ease-out, opacity 0.45s;\n}\n.btn-shadow#default-btn-a39ea09b32c32963523f90e8dbf6bacb:hover {\n  box-shadow: 0 5px 11px 0 rgba(0,0,0,0.18), 0 4px 15px 0 rgba(0,0,0,0.15);\n}\n.btn-3d#default-btn-a39ea09b32c32963523f90e8dbf6bacb {\n  box-shadow: 0px 2px 0px 0px #0b4767;\n}\n.btn-3d#default-btn-a39ea09b32c32963523f90e8dbf6bacb:hover {\n  box-shadow: 0px 2px 0px 0px #07293e;\n}\n.btn-flat#default-btn-a39ea09b32c32963523f90e8dbf6bacb {\n  box-shadow: none;\n}\n.btn-flat#default-btn-a39ea09b32c32963523f90e8dbf6bacb:hover {\n  box-shadow: none;\n}\n#default-btn-a39ea09b32c32963523f90e8dbf6bacb.ico-right-side > i {\n  margin-right: 0px;\n  margin-left: 8px;\n}\n#default-btn-a39ea09b32c32963523f90e8dbf6bacb > i {\n  margin-right: 8px;\n  font-size: 18px;\n}\n#default-btn-a39ea09b32c32963523f90e8dbf6bacb:not(:hover) {\n  border-width: 0px;\n  color: #ffffff;\n  background: #0073b0 !important;\n  padding: 16px 24px 16px 24px;\n}\n#default-btn-a39ea09b32c32963523f90e8dbf6bacb:not(:hover) * {\n  color: #ffffff;\n}\n#default-btn-a39ea09b32c32963523f90e8dbf6bacb:hover {\n  border-width: 0px;\n  color: #ffffff;\n  background: #005082 !important;\n  padding: 16px 24px 16px 24px;\n}\n#default-btn-a39ea09b32c32963523f90e8dbf6bacb:hover * {\n  color: #ffffff;\n}\n#default-btn-a39ea09b32c32963523f90e8dbf6bacb.ico-right-side > i {\n  margin-right: 0px;\n  margin-left: 8px;\n}\n#default-btn-a39ea09b32c32963523f90e8dbf6bacb > i {\n  margin-right: 8px;\n}<\/style><a href=\"https:\/\/ca.linkedin.com\/company\/lounsbury-group-of-companies\" class=\"default-btn-shortcode dt-btn link-hover-off full-width-btn btn-inline-left btn-flat \" target=\"_blank\" id=\"default-btn-a39ea09b32c32963523f90e8dbf6bacb\" rel=\"noopener\"><span>Venez nous rejoindre sur LinkedIn<\/span><\/a>[\/vc_column][vc_column width=\u00a0\u00bb1\/2&Prime;][vc_cta h2=\u00a0\u00bbVENEZ GRANDIR AVEC NOUS\u2009!\u00a0\u00bb]Lounsbury s\u2019engage \u00e0 investir dans nos employ\u00e9s par l\u2019entremise de programmes de formations et avec un excellent milieu de travail, en plus de :<\/p>\n<ul>\n<li>Salaires concurrentiels ;<\/li>\n<li>R\u00e9gime complet d\u2019avantages sociaux, aide \u00e0 l\u2019\u00e9ducation et excellents rabais pour les employ\u00e9s\u2009;<\/li>\n<li>Avancement professionnel et d\u00e9veloppement continu\u2009;<\/li>\n<li>Milieu de travail respectueux et ax\u00e9 sur la famille avec des valeurs d\u2019entreprise fortes.<\/li>\n<\/ul>\n<p>[\/vc_cta][\/vc_column][\/vc_row][vc_row css=\u00a0\u00bb.vc_custom_1542204042147{padding-bottom: 20px !important;}\u00a0\u00bb][vc_column]<div id=\"ultimate-heading-841869eb64cb47f28\" class=\"uvc-heading ult-adjust-bottom-margin ultimate-heading-841869eb64cb47f28 uvc-1907 \" data-hspacer=\"no_spacer\"  data-halign=\"left\" style=\"text-align:left\"><div class=\"uvc-heading-spacer no_spacer\" style=\"top\"><\/div><div class=\"uvc-main-heading ult-responsive\"  data-ultimate-target='.uvc-heading.ultimate-heading-841869eb64cb47f28 h2'  data-responsive-json-new='{\"font-size\":\"desktop:20px;\",\"line-height\":\"desktop:30px;\"}' ><h2 style=\"font-weight:bold;margin-bottom:20px;\">Occasions d\u2019emploi actuelles<\/h2><\/div><\/div>[vc_raw_html]JTIwJTNDJTIxLS0lMjBCRUdJTiUyMENMRUFSQ09NUEFOWSUyMERZTkFNSUMlMjBDT0RFJTIwLS0lM0UlMEElMEElM0NsaW5rJTIwcmVsJTNEJTIyc3R5bGVzaGVldCUyMiUyMHR5cGUlM0QlMjJ0ZXh0JTJGY3NzJTIyJTIwaHJlZiUzRCUyMiUyRiUyRnJlcG9ydHMuaHJtZGlyZWN0LmNvbSUyRmVtcGxveW1lbnQlMkZkZWZhdWx0JTJGc20lMkZzZXR0aW5ncyUyRmR5bmFtaWMtZW1iZWQlMkZkeW5hbWljLWlmcmFtZS1lbWJlZC1jc3MucGhwJTIyJTIwJTJGJTNFJTBBJTBBJTNDc2NyaXB0JTIwdHlwZSUzRCUyMnRleHQlMkZqYXZhc2NyaXB0JTIyJTIwc3JjJTNEJTIyJTJGJTJGcmVwb3J0cy5ocm1kaXJlY3QuY29tJTJGZW1wbG95bWVudCUyRmRlZmF1bHQlMkZzbSUyRnNldHRpbmdzJTJGZHluYW1pYy1lbWJlZCUyRmR5bmFtaWMtaWZyYW1lLWVtYmVkLWpzLnBocCUyMiUzRSUzQyUyRnNjcmlwdCUzRSUwQSUwQSUzQ2RpdiUyMGlkJTNEJTIyaWZyYW1lSGVpZ2h0RGl2JTIyJTIwbmFtZSUzRCUyMkhSTSUyMERpcmVjdCUyMENhcmVlciUyMFNpdGUlMjBpRnJhbWUlMjBDb250YWluZXIlMjIlMjBhbGlnbiUzRCUyMmNlbnRlciUyMiUzRSUwQSUwQSUzQ2lmcmFtZSUyMGlkJTNEJTIyaW5saW5lZnJhbWUlMjIlMjBuYW1lJTNEJTIySFJNJTIwRGlyZWN0JTIwQ2FyZWVyJTIwU2l0ZSUyMGlGcmFtZSUyMiUwQSUwQXNhbmRib3glM0QlMjJhbGxvdy10b3AtbmF2aWdhdGlvbiUyMGFsbG93LXNjcmlwdHMlMjBhbGxvdy1mb3JtcyUyMGFsbG93LXBvcHVwcyUyMGFsbG93LXNhbWUtb3JpZ2luJTIyJTBBJTBBc3JjJTNEJTIyJTJGJTJGbG91bnNidXJ5cy5ocm1kaXJlY3QuY29tJTJGZW1wbG95bWVudCUyRmpvYi1vcGVuaW5ncy5waHAlM0ZzZWFyY2glM0R0cnVlJTI2bm9oZCUzRC0xJTI2Y2l0eSUzRC0xJTI2c3RhdGUlM0ROQiUyMiUwQSUwQWZyYW1lYm9yZGVyJTNEJTIyMCUyMiUyMGFsbG93dHJhbnNwYXJlbmN5JTNEJTIydHJ1ZSUyMiUyMHRpdGxlJTNEJTIyQ2FyZWVyJTIwU2l0ZSUyMiUzRSUwQSUwQSUzQyUyRmlmcmFtZSUzRSUwQSUwQSUzQyUyRmRpdiUzRSUwQSUwQSUzQyUyMS0tJTIwRU5EJTIwQ0xFQVJDT01QQU5ZJTIwRFlOQU1JQyUyMENPREUlMjAtLSUzRQ==[\/vc_raw_html][\/vc_column][\/vc_row]<\/p>\n<\/div>","protected":false},"excerpt":{"rendered":"<p>[vc_row bg_type=\u00a0\u00bbimage\u00a0\u00bb parallax_style=\u00a0\u00bbvcpb-vz-jquery\u00a0\u00bb bg_image_new=\u00a0\u00bbid^15586|url^https:\/\/www.lounsburys.com\/wp-content\/uploads\/2019\/05\/shutterstock_548213593.jpg|caption^null|alt^null|title^Join Groupe Lounsbury Group|description^null\u00a0\u00bb bg_image_repeat=\u00a0\u00bbno-repeat\u00a0\u00bb bg_override=\u00a0\u00bbex-full\u00a0\u00bb enable_overlay=\u00a0\u00bbenable_overlay_value\u00a0\u00bb overlay_color=\u00a0\u00bbrgba(0,0,0,0.5)\u00a0\u00bb overlay_pattern=\u00a0\u00bbtransperant\u00a0\u00bb overlay_pattern_opacity=\u00a0\u00bb25&Prime; type=\u00a0\u00bbvc_default\u00a0\u00bb margin_top=\u00a0\u00bb-50&Prime; css=\u00a0\u00bb.vc_custom_1557324440817{padding-top: 10% !important;padding-bottom: 10% !important;background-color: #000000 !important;}\u00a0\u00bb][vc_column offset=\u00a0\u00bbvc_col-lg-12 vc_col-md-12&Prime; css=\u00a0\u00bb.vc_custom_1476030031960{padding-bottom: 10px !important;}\u00a0\u00bb][\/vc_column][\/vc_row][vc_row css=\u00a0\u00bb.vc_custom_1542204072848{margin-top: 70px !important;margin-bottom: 20px !important;}\u00a0\u00bb][vc_column width=\u00a0\u00bb1\/2&Prime;][vc_column_text]Le Groupe Lounsbury\u00a0op\u00e8re avec succ\u00e8s des installations automobiles et de vente au d\u00e9tail au Nouveau-Brunswick et il dessert toute la province du nord&hellip;<\/p>\n","protected":false},"author":1,"featured_media":0,"parent":0,"menu_order":20,"comment_status":"closed","ping_status":"closed","template":"","meta":{"_exactmetrics_skip_tracking":false,"_exactmetrics_sitenote_active":false,"_exactmetrics_sitenote_note":"","_exactmetrics_sitenote_category":0,"footnotes":""},"class_list":["post-15948","page","type-page","status-publish","hentry","description-off"],"yoast_head":"<!-- This site is optimized with the Yoast SEO plugin v26.8 - https:\/\/yoast.com\/product\/yoast-seo-wordpress\/ -->\n<title>Carri\u00e8res - Groupe Lounsbury Group<\/title>\n<meta name=\"robots\" content=\"index, follow, max-snippet:-1, max-image-preview:large, max-video-preview:-1\" \/>\n<link rel=\"canonical\" href=\"https:\/\/www.lounsburys.com\/fr\/carrieres\/\" \/>\n<meta property=\"og:locale\" content=\"fr_FR\" \/>\n<meta property=\"og:type\" content=\"article\" \/>\n<meta property=\"og:title\" content=\"Carri\u00e8res - Groupe Lounsbury Group\" \/>\n<meta property=\"og:description\" content=\"[vc_row bg_type=\u00a0\u00bbimage\u00a0\u00bb parallax_style=\u00a0\u00bbvcpb-vz-jquery\u00a0\u00bb bg_image_new=\u00a0\u00bbid^15586|url^https:\/\/www.lounsburys.com\/wp-content\/uploads\/2019\/05\/shutterstock_548213593.jpg|caption^null|alt^null|title^Join Groupe Lounsbury Group|description^null\u00a0\u00bb bg_image_repeat=\u00a0\u00bbno-repeat\u00a0\u00bb bg_override=\u00a0\u00bbex-full\u00a0\u00bb enable_overlay=\u00a0\u00bbenable_overlay_value\u00a0\u00bb overlay_color=\u00a0\u00bbrgba(0,0,0,0.5)\u00a0\u00bb overlay_pattern=\u00a0\u00bbtransperant\u00a0\u00bb overlay_pattern_opacity=\u00a0\u00bb25&Prime; type=\u00a0\u00bbvc_default\u00a0\u00bb margin_top=\u00a0\u00bb-50&Prime; css=\u00a0\u00bb.vc_custom_1557324440817{padding-top: 10% !important;padding-bottom: 10% !important;background-color: #000000 !important;}\u00a0\u00bb][vc_column offset=\u00a0\u00bbvc_col-lg-12 vc_col-md-12&Prime; css=\u00a0\u00bb.vc_custom_1476030031960{padding-bottom: 10px !important;}\u00a0\u00bb][\/vc_column][\/vc_row][vc_row css=\u00a0\u00bb.vc_custom_1542204072848{margin-top: 70px !important;margin-bottom: 20px !important;}\u00a0\u00bb][vc_column width=\u00a0\u00bb1\/2&Prime;][vc_column_text]Le Groupe Lounsbury\u00a0op\u00e8re avec succ\u00e8s des installations automobiles et de vente au d\u00e9tail au Nouveau-Brunswick et il dessert toute la province du nord&hellip;\" \/>\n<meta property=\"og:url\" content=\"https:\/\/www.lounsburys.com\/fr\/carrieres\/\" \/>\n<meta property=\"og:site_name\" content=\"Groupe Lounsbury Group\" \/>\n<meta property=\"article:modified_time\" content=\"2022-12-20T13:51:46+00:00\" \/>\n<meta property=\"og:image\" content=\"https:\/\/www.lounsburys.com\/wp-content\/uploads\/2019\/03\/Facebook-Share-Image.jpg\" \/>\n\t<meta property=\"og:image:width\" content=\"1200\" \/>\n\t<meta property=\"og:image:height\" content=\"630\" \/>\n\t<meta property=\"og:image:type\" content=\"image\/jpeg\" \/>\n<meta name=\"twitter:card\" content=\"summary_large_image\" \/>\n<meta name=\"twitter:label1\" content=\"Dur\u00e9e de lecture estim\u00e9e\" \/>\n\t<meta name=\"twitter:data1\" content=\"2 minutes\" \/>\n<script type=\"application\/ld+json\" class=\"yoast-schema-graph\">{\"@context\":\"https:\/\/schema.org\",\"@graph\":[{\"@type\":\"WebPage\",\"@id\":\"https:\/\/www.lounsburys.com\/fr\/carrieres\/\",\"url\":\"https:\/\/www.lounsburys.com\/fr\/carrieres\/\",\"name\":\"Carri\u00e8res - Groupe Lounsbury Group\",\"isPartOf\":{\"@id\":\"https:\/\/www.lounsburys.com\/#website\"},\"datePublished\":\"2019-07-22T15:43:26+00:00\",\"dateModified\":\"2022-12-20T13:51:46+00:00\",\"breadcrumb\":{\"@id\":\"https:\/\/www.lounsburys.com\/fr\/carrieres\/#breadcrumb\"},\"inLanguage\":\"fr-FR\",\"potentialAction\":[{\"@type\":\"ReadAction\",\"target\":[\"https:\/\/www.lounsburys.com\/fr\/carrieres\/\"]}]},{\"@type\":\"BreadcrumbList\",\"@id\":\"https:\/\/www.lounsburys.com\/fr\/carrieres\/#breadcrumb\",\"itemListElement\":[{\"@type\":\"ListItem\",\"position\":1,\"name\":\"Home\",\"item\":\"https:\/\/www.lounsburys.com\/fr\/\"},{\"@type\":\"ListItem\",\"position\":2,\"name\":\"Carri\u00e8res\"}]},{\"@type\":\"WebSite\",\"@id\":\"https:\/\/www.lounsburys.com\/#website\",\"url\":\"https:\/\/www.lounsburys.com\/\",\"name\":\"Groupe Lounsbury Group\",\"description\":\"It&#039;s all about living\",\"potentialAction\":[{\"@type\":\"SearchAction\",\"target\":{\"@type\":\"EntryPoint\",\"urlTemplate\":\"https:\/\/www.lounsburys.com\/?s={search_term_string}\"},\"query-input\":{\"@type\":\"PropertyValueSpecification\",\"valueRequired\":true,\"valueName\":\"search_term_string\"}}],\"inLanguage\":\"fr-FR\"}]}<\/script>\n<!-- \/ Yoast SEO plugin. -->","yoast_head_json":{"title":"Carri\u00e8res - Groupe Lounsbury Group","robots":{"index":"index","follow":"follow","max-snippet":"max-snippet:-1","max-image-preview":"max-image-preview:large","max-video-preview":"max-video-preview:-1"},"canonical":"https:\/\/www.lounsburys.com\/fr\/carrieres\/","og_locale":"fr_FR","og_type":"article","og_title":"Carri\u00e8res - Groupe Lounsbury Group","og_description":"[vc_row bg_type=\u00a0\u00bbimage\u00a0\u00bb parallax_style=\u00a0\u00bbvcpb-vz-jquery\u00a0\u00bb bg_image_new=\u00a0\u00bbid^15586|url^https:\/\/www.lounsburys.com\/wp-content\/uploads\/2019\/05\/shutterstock_548213593.jpg|caption^null|alt^null|title^Join Groupe Lounsbury Group|description^null\u00a0\u00bb bg_image_repeat=\u00a0\u00bbno-repeat\u00a0\u00bb bg_override=\u00a0\u00bbex-full\u00a0\u00bb enable_overlay=\u00a0\u00bbenable_overlay_value\u00a0\u00bb overlay_color=\u00a0\u00bbrgba(0,0,0,0.5)\u00a0\u00bb overlay_pattern=\u00a0\u00bbtransperant\u00a0\u00bb overlay_pattern_opacity=\u00a0\u00bb25&Prime; type=\u00a0\u00bbvc_default\u00a0\u00bb margin_top=\u00a0\u00bb-50&Prime; css=\u00a0\u00bb.vc_custom_1557324440817{padding-top: 10% !important;padding-bottom: 10% !important;background-color: #000000 !important;}\u00a0\u00bb][vc_column offset=\u00a0\u00bbvc_col-lg-12 vc_col-md-12&Prime; css=\u00a0\u00bb.vc_custom_1476030031960{padding-bottom: 10px !important;}\u00a0\u00bb][\/vc_column][\/vc_row][vc_row css=\u00a0\u00bb.vc_custom_1542204072848{margin-top: 70px !important;margin-bottom: 20px !important;}\u00a0\u00bb][vc_column width=\u00a0\u00bb1\/2&Prime;][vc_column_text]Le Groupe Lounsbury\u00a0op\u00e8re avec succ\u00e8s des installations automobiles et de vente au d\u00e9tail au Nouveau-Brunswick et il dessert toute la province du nord&hellip;","og_url":"https:\/\/www.lounsburys.com\/fr\/carrieres\/","og_site_name":"Groupe Lounsbury Group","article_modified_time":"2022-12-20T13:51:46+00:00","og_image":[{"width":1200,"height":630,"url":"https:\/\/www.lounsburys.com\/wp-content\/uploads\/2019\/03\/Facebook-Share-Image.jpg","type":"image\/jpeg"}],"twitter_card":"summary_large_image","twitter_misc":{"Dur\u00e9e de lecture estim\u00e9e":"2 minutes"},"schema":{"@context":"https:\/\/schema.org","@graph":[{"@type":"WebPage","@id":"https:\/\/www.lounsburys.com\/fr\/carrieres\/","url":"https:\/\/www.lounsburys.com\/fr\/carrieres\/","name":"Carri\u00e8res - Groupe Lounsbury Group","isPartOf":{"@id":"https:\/\/www.lounsburys.com\/#website"},"datePublished":"2019-07-22T15:43:26+00:00","dateModified":"2022-12-20T13:51:46+00:00","breadcrumb":{"@id":"https:\/\/www.lounsburys.com\/fr\/carrieres\/#breadcrumb"},"inLanguage":"fr-FR","potentialAction":[{"@type":"ReadAction","target":["https:\/\/www.lounsburys.com\/fr\/carrieres\/"]}]},{"@type":"BreadcrumbList","@id":"https:\/\/www.lounsburys.com\/fr\/carrieres\/#breadcrumb","itemListElement":[{"@type":"ListItem","position":1,"name":"Home","item":"https:\/\/www.lounsburys.com\/fr\/"},{"@type":"ListItem","position":2,"name":"Carri\u00e8res"}]},{"@type":"WebSite","@id":"https:\/\/www.lounsburys.com\/#website","url":"https:\/\/www.lounsburys.com\/","name":"Groupe Lounsbury Group","description":"It&#039;s all about living","potentialAction":[{"@type":"SearchAction","target":{"@type":"EntryPoint","urlTemplate":"https:\/\/www.lounsburys.com\/?s={search_term_string}"},"query-input":{"@type":"PropertyValueSpecification","valueRequired":true,"valueName":"search_term_string"}}],"inLanguage":"fr-FR"}]}},"_links":{"self":[{"href":"https:\/\/www.lounsburys.com\/fr\/wp-json\/wp\/v2\/pages\/15948","targetHints":{"allow":["GET"]}}],"collection":[{"href":"https:\/\/www.lounsburys.com\/fr\/wp-json\/wp\/v2\/pages"}],"about":[{"href":"https:\/\/www.lounsburys.com\/fr\/wp-json\/wp\/v2\/types\/page"}],"author":[{"embeddable":true,"href":"https:\/\/www.lounsburys.com\/fr\/wp-json\/wp\/v2\/users\/1"}],"replies":[{"embeddable":true,"href":"https:\/\/www.lounsburys.com\/fr\/wp-json\/wp\/v2\/comments?post=15948"}],"version-history":[{"count":8,"href":"https:\/\/www.lounsburys.com\/fr\/wp-json\/wp\/v2\/pages\/15948\/revisions"}],"predecessor-version":[{"id":16168,"href":"https:\/\/www.lounsburys.com\/fr\/wp-json\/wp\/v2\/pages\/15948\/revisions\/16168"}],"wp:attachment":[{"href":"https:\/\/www.lounsburys.com\/fr\/wp-json\/wp\/v2\/media?parent=15948"}],"curies":[{"name":"wp","href":"https:\/\/api.w.org\/{rel}","templated":true}]}}