{"id":16018,"date":"2018-12-20T08:48:31","date_gmt":"2018-12-20T13:48:31","guid":{"rendered":"http:\/\/www.lounsburys.com\/meet-the-team\/"},"modified":"2021-08-18T09:55:01","modified_gmt":"2021-08-18T12:55:01","slug":"rencontrez-notre-equipe-de-direction","status":"publish","type":"page","link":"https:\/\/www.lounsburys.com\/fr\/rencontrez-notre-equipe-de-direction\/","title":{"rendered":"Rencontrez notre \u00e9quipe de direction"},"content":{"rendered":"<div class=\"wpb-content-wrapper\"><p>[vc_row bg_type=\u00a0\u00bbimage\u00a0\u00bb parallax_style=\u00a0\u00bbvcpb-vz-jquery\u00a0\u00bb bg_image_new=\u00a0\u00bbid^15237|url^https:\/\/www.lounsburys.com\/wp-content\/uploads\/2018\/12\/Group-Photo-2.jpg|caption^null|alt^null|title^Group-Photo|description^null\u00a0\u00bb bg_image_repeat=\u00a0\u00bbno-repeat\u00a0\u00bb bg_override=\u00a0\u00bbex-full\u00a0\u00bb enable_overlay=\u00a0\u00bbenable_overlay_value\u00a0\u00bb overlay_color=\u00a0\u00bbrgba(0,0,0,0.5)\u00a0\u00bb overlay_pattern=\u00a0\u00bbtransperant\u00a0\u00bb overlay_pattern_opacity=\u00a0\u00bb25&Prime; type=\u00a0\u00bbvc_default\u00a0\u00bb margin_top=\u00a0\u00bb-50&Prime; css=\u00a0\u00bb.vc_custom_1544543265782{padding-top: 10% !important;padding-bottom: 10% !important;background-color: #000000 !important;}\u00a0\u00bb][vc_column offset=\u00a0\u00bbvc_col-lg-12 vc_col-md-12&Prime; css=\u00a0\u00bb.vc_custom_1476030031960{padding-bottom: 10px !important;}\u00a0\u00bb]<div id=\"ultimate-heading-564069e5c3026b3a0\" class=\"uvc-heading ult-adjust-bottom-margin ultimate-heading-564069e5c3026b3a0 uvc-1139 accent-title-color\" data-hspacer=\"no_spacer\"  data-halign=\"center\" style=\"text-align:center\"><div class=\"uvc-heading-spacer no_spacer\" style=\"top\"><\/div><div class=\"uvc-main-heading ult-responsive\"  data-ultimate-target='.uvc-heading.ultimate-heading-564069e5c3026b3a0 h2'  data-responsive-json-new='{\"font-size\":\"desktop:34px;mobile_landscape:22px;mobile:22px;\",\"line-height\":\"desktop:46px;mobile_landscape:32px;mobile:32px;\"}' ><h2 style=\"font-family:&#039;Raleway&#039;;font-weight:700;color:#ffffff;\">\u00c0 propos de nous<\/h2><\/div><div class=\"uvc-sub-heading ult-responsive\"  data-ultimate-target='.uvc-heading.ultimate-heading-564069e5c3026b3a0 .uvc-sub-heading '  data-responsive-json-new='{\"font-size\":\"desktop:58px;mobile_landscape:38px;mobile:30px;\",\"line-height\":\"desktop:68px;mobile_landscape:48px;mobile:40px;\"}'  style=\"font-family:&#039;Raleway&#039;;font-weight:700;color:#ffffff;margin-top:10px;margin-bottom:20px;\">Rencontrez notre \u00e9quipe de direction<\/div><\/div><style type=\"text\/css\" data-type=\"the7_shortcodes-inline-css\">.dt-breadcrumbs-id-00e7ad14fe45716ac790718ece057902 .breadcrumbs {\n  display: inline-block;\n  margin: 0;\n  padding: 2px 12px 2px 12px;\n  border: 1px solid rgba(255,255,255,0.25);\n  border-radius: 0px;\n}\n.dt-breadcrumbs-id-00e7ad14fe45716ac790718ece057902 .breadcrumbs * {\n  font-size: 13px;\n  line-height: 16px;\n  color: #ffffff;\n}<\/style><div class=\"dt-breadcrumbs-shortcode dt-breadcrumbs-id-00e7ad14fe45716ac790718ece057902 align-centre\"><div class=\"assistive-text\">Vous \u00eates ici :<\/div><ol class=\"breadcrumbs text-small\" itemscope itemtype=\"https:\/\/schema.org\/BreadcrumbList\"><li itemprop=\"itemListElement\" itemscope itemtype=\"https:\/\/schema.org\/ListItem\"><a itemprop=\"item\" href=\"https:\/\/www.lounsburys.com\/fr\/\" title=\"Accueil\"><span itemprop=\"name\">Accueil<\/span><\/a><meta itemprop=\"position\" content=\"1\" \/><\/li><li class=\"current\" itemprop=\"itemListElement\" itemscope itemtype=\"https:\/\/schema.org\/ListItem\"><span itemprop=\"name\">Page<\/span><meta itemprop=\"position\" content=\"2\" \/><\/li><\/ol><\/div>[\/vc_column][\/vc_row][vc_row equal_height=\u00a0\u00bbyes\u00a0\u00bb bg_type=\u00a0\u00bbbg_color\u00a0\u00bb bg_override=\u00a0\u00bbex-full\u00a0\u00bb type=\u00a0\u00bbvc_default\u00a0\u00bb margin_bottom=\u00a0\u00bb10&Prime; bg_color_value=\u00a0\u00bb#f6f6f6&Prime; css=\u00a0\u00bb.vc_custom_1545313859148{padding-top: 70px !important;padding-bottom: 20px !important;}\u00a0\u00bb][vc_column css=\u00a0\u00bb.vc_custom_1490183961234{padding-bottom: 70px !important;}\u00a0\u00bb]<div id=\"ultimate-heading-711269e5c3026b674\" class=\"uvc-heading ult-adjust-bottom-margin ultimate-heading-711269e5c3026b674 uvc-7181 accent-border-color\" data-hspacer=\"no_spacer\"  data-halign=\"center\" style=\"text-align:center\"><div class=\"uvc-heading-spacer no_spacer\" style=\"top\"><\/div><div class=\"uvc-main-heading ult-responsive\"  data-ultimate-target='.uvc-heading.ultimate-heading-711269e5c3026b674 h2'  data-responsive-json-new='{\"font-size\":\"desktop:34px;\",\"line-height\":\"desktop:44px;\"}' ><h2 style=\"font-weight:bold;\">Notre \u00e9quipe de direction<\/h2><\/div><\/div>[vc_empty_space][vc_row_inner][vc_column_inner width=\u00a0\u00bb1\/3&Prime;][vc_column_text]<\/p>\n<h3 style=\"text-align: center;\">Ed McNally<\/h3>\n<p style=\"text-align: center;\"><span style=\"color: #16559a;\"><strong>Pr\u00e9sident &amp; directeur g\u00e9n\u00e9ral<\/strong><\/span><\/p>\n<p>[\/vc_column_text][\/vc_column_inner][vc_column_inner width=\u00a0\u00bb1\/3&Prime;][vc_column_text]<\/p>\n<h3 style=\"text-align: center;\">Mike Jenkins<\/h3>\n<p style=\"text-align: center;\"><span style=\"color: #16559a;\"><strong>VP &amp; COF<\/strong><\/span><\/p>\n<p>[\/vc_column_text][\/vc_column_inner][vc_column_inner width=\u00a0\u00bb1\/3&Prime;][vc_column_text]<\/p>\n<h3 style=\"text-align: center;\">Michelle Duffie<\/h3>\n<p style=\"text-align: center;\"><span style=\"color: #16559a;\"><strong>Directrice des ressources humaines<\/strong><\/span><\/p>\n<p>[\/vc_column_text][\/vc_column_inner][\/vc_row_inner][vc_row_inner][vc_column_inner][vc_empty_space][\/vc_column_inner][\/vc_row_inner][vc_row_inner][vc_column_inner width=\u00a0\u00bb1\/3&Prime;][vc_column_text]<\/p>\n<h3 style=\"text-align: center;\">Emilie Butler<\/h3>\n<p style=\"text-align: center;\"><span style=\"color: #16559a;\"><strong>Directrice du marketing<\/strong><\/span><\/p>\n<p>[\/vc_column_text][\/vc_column_inner][vc_column_inner width=\u00a0\u00bb1\/3&Prime;][vc_column_text]<\/p>\n<h3 style=\"text-align: center;\">Bonny Fenton<\/h3>\n<p style=\"text-align: center;\"><span style=\"color: #16559a;\"><strong>Directrice des TIC<\/strong><\/span><\/p>\n<p>[\/vc_column_text][\/vc_column_inner][vc_column_inner width=\u00a0\u00bb1\/3&Prime;][vc_column_text]<\/p>\n<h3 style=\"text-align: center;\">Florent Melanson<\/h3>\n<p style=\"text-align: center;\"><span style=\"color: #16559a;\"><strong>Directeur du SGD<\/strong><\/span><\/p>\n<p>[\/vc_column_text][\/vc_column_inner][\/vc_row_inner][vc_row_inner][vc_column_inner][vc_empty_space][\/vc_column_inner][\/vc_row_inner][vc_row_inner][vc_column_inner width=\u00a0\u00bb1\/3&Prime;][\/vc_column_inner][vc_column_inner width=\u00a0\u00bb1\/3&Prime;][\/vc_column_inner][vc_column_inner width=\u00a0\u00bb1\/3&Prime;][\/vc_column_inner][\/vc_row_inner][\/vc_column][\/vc_row]<\/p>\n<\/div>","protected":false},"excerpt":{"rendered":"<p>[vc_row bg_type=\u00a0\u00bbimage\u00a0\u00bb parallax_style=\u00a0\u00bbvcpb-vz-jquery\u00a0\u00bb bg_image_new=\u00a0\u00bbid^15237|url^https:\/\/www.lounsburys.com\/wp-content\/uploads\/2018\/12\/Group-Photo-2.jpg|caption^null|alt^null|title^Group-Photo|description^null\u00a0\u00bb bg_image_repeat=\u00a0\u00bbno-repeat\u00a0\u00bb bg_override=\u00a0\u00bbex-full\u00a0\u00bb enable_overlay=\u00a0\u00bbenable_overlay_value\u00a0\u00bb overlay_color=\u00a0\u00bbrgba(0,0,0,0.5)\u00a0\u00bb overlay_pattern=\u00a0\u00bbtransperant\u00a0\u00bb overlay_pattern_opacity=\u00a0\u00bb25&Prime; type=\u00a0\u00bbvc_default\u00a0\u00bb margin_top=\u00a0\u00bb-50&Prime; css=\u00a0\u00bb.vc_custom_1544543265782{padding-top: 10% !important;padding-bottom: 10% !important;background-color: #000000 !important;}\u00a0\u00bb][vc_column offset=\u00a0\u00bbvc_col-lg-12 vc_col-md-12&Prime; css=\u00a0\u00bb.vc_custom_1476030031960{padding-bottom: 10px !important;}\u00a0\u00bb][\/vc_column][\/vc_row][vc_row equal_height=\u00a0\u00bbyes\u00a0\u00bb bg_type=\u00a0\u00bbbg_color\u00a0\u00bb bg_override=\u00a0\u00bbex-full\u00a0\u00bb type=\u00a0\u00bbvc_default\u00a0\u00bb margin_bottom=\u00a0\u00bb10&Prime; bg_color_value=\u00a0\u00bb#f6f6f6&Prime; css=\u00a0\u00bb.vc_custom_1545313859148{padding-top: 70px !important;padding-bottom: 20px !important;}\u00a0\u00bb][vc_column css=\u00a0\u00bb.vc_custom_1490183961234{padding-bottom: 70px !important;}\u00a0\u00bb][vc_empty_space][vc_row_inner][vc_column_inner width=\u00a0\u00bb1\/3&Prime;][vc_column_text] Ed McNally Pr\u00e9sident &amp; directeur g\u00e9n\u00e9ral [\/vc_column_text][\/vc_column_inner][vc_column_inner width=\u00a0\u00bb1\/3&Prime;][vc_column_text] Mike Jenkins VP &amp; COF [\/vc_column_text][\/vc_column_inner][vc_column_inner width=\u00a0\u00bb1\/3&Prime;][vc_column_text] Michelle&hellip;<\/p>\n","protected":false},"author":1,"featured_media":0,"parent":0,"menu_order":20,"comment_status":"closed","ping_status":"closed","template":"","meta":{"_exactmetrics_skip_tracking":false,"_exactmetrics_sitenote_active":false,"_exactmetrics_sitenote_note":"","_exactmetrics_sitenote_category":0,"footnotes":""},"class_list":["post-16018","page","type-page","status-publish","hentry","description-off"],"yoast_head":"<!-- This site is optimized with the Yoast SEO plugin v26.8 - https:\/\/yoast.com\/product\/yoast-seo-wordpress\/ -->\n<title>Rencontrez notre \u00e9quipe d&#039;entreprise - Groupe Lounsbury Group<\/title>\n<meta name=\"robots\" content=\"index, follow, max-snippet:-1, max-image-preview:large, max-video-preview:-1\" \/>\n<link rel=\"canonical\" href=\"https:\/\/www.lounsburys.com\/fr\/rencontrez-notre-equipe-de-direction\/\" \/>\n<meta property=\"og:locale\" content=\"fr_FR\" \/>\n<meta property=\"og:type\" content=\"article\" \/>\n<meta property=\"og:title\" content=\"Rencontrez notre \u00e9quipe d&#039;entreprise - Groupe Lounsbury Group\" \/>\n<meta property=\"og:description\" content=\"[vc_row bg_type=\u00a0\u00bbimage\u00a0\u00bb parallax_style=\u00a0\u00bbvcpb-vz-jquery\u00a0\u00bb bg_image_new=\u00a0\u00bbid^15237|url^https:\/\/www.lounsburys.com\/wp-content\/uploads\/2018\/12\/Group-Photo-2.jpg|caption^null|alt^null|title^Group-Photo|description^null\u00a0\u00bb bg_image_repeat=\u00a0\u00bbno-repeat\u00a0\u00bb bg_override=\u00a0\u00bbex-full\u00a0\u00bb enable_overlay=\u00a0\u00bbenable_overlay_value\u00a0\u00bb overlay_color=\u00a0\u00bbrgba(0,0,0,0.5)\u00a0\u00bb overlay_pattern=\u00a0\u00bbtransperant\u00a0\u00bb overlay_pattern_opacity=\u00a0\u00bb25&Prime; type=\u00a0\u00bbvc_default\u00a0\u00bb margin_top=\u00a0\u00bb-50&Prime; css=\u00a0\u00bb.vc_custom_1544543265782{padding-top: 10% !important;padding-bottom: 10% !important;background-color: #000000 !important;}\u00a0\u00bb][vc_column offset=\u00a0\u00bbvc_col-lg-12 vc_col-md-12&Prime; css=\u00a0\u00bb.vc_custom_1476030031960{padding-bottom: 10px !important;}\u00a0\u00bb][\/vc_column][\/vc_row][vc_row equal_height=\u00a0\u00bbyes\u00a0\u00bb bg_type=\u00a0\u00bbbg_color\u00a0\u00bb bg_override=\u00a0\u00bbex-full\u00a0\u00bb type=\u00a0\u00bbvc_default\u00a0\u00bb margin_bottom=\u00a0\u00bb10&Prime; bg_color_value=\u00a0\u00bb#f6f6f6&Prime; css=\u00a0\u00bb.vc_custom_1545313859148{padding-top: 70px !important;padding-bottom: 20px !important;}\u00a0\u00bb][vc_column css=\u00a0\u00bb.vc_custom_1490183961234{padding-bottom: 70px !important;}\u00a0\u00bb][vc_empty_space][vc_row_inner][vc_column_inner width=\u00a0\u00bb1\/3&Prime;][vc_column_text] Ed McNally Pr\u00e9sident &amp; directeur g\u00e9n\u00e9ral [\/vc_column_text][\/vc_column_inner][vc_column_inner width=\u00a0\u00bb1\/3&Prime;][vc_column_text] Mike Jenkins VP &amp; COF [\/vc_column_text][\/vc_column_inner][vc_column_inner width=\u00a0\u00bb1\/3&Prime;][vc_column_text] Michelle&hellip;\" \/>\n<meta property=\"og:url\" content=\"https:\/\/www.lounsburys.com\/fr\/rencontrez-notre-equipe-de-direction\/\" \/>\n<meta property=\"og:site_name\" content=\"Groupe Lounsbury Group\" \/>\n<meta property=\"article:modified_time\" content=\"2021-08-18T12:55:01+00:00\" \/>\n<meta property=\"og:image\" content=\"https:\/\/www.lounsburys.com\/wp-content\/uploads\/2019\/03\/Facebook-Share-Image.jpg\" \/>\n\t<meta property=\"og:image:width\" content=\"1200\" \/>\n\t<meta property=\"og:image:height\" content=\"630\" \/>\n\t<meta property=\"og:image:type\" content=\"image\/jpeg\" \/>\n<meta name=\"twitter:card\" content=\"summary_large_image\" \/>\n<meta name=\"twitter:label1\" content=\"Dur\u00e9e de lecture estim\u00e9e\" \/>\n\t<meta name=\"twitter:data1\" content=\"1 minute\" \/>\n<script type=\"application\/ld+json\" class=\"yoast-schema-graph\">{\"@context\":\"https:\/\/schema.org\",\"@graph\":[{\"@type\":\"WebPage\",\"@id\":\"https:\/\/www.lounsburys.com\/fr\/rencontrez-notre-equipe-de-direction\/\",\"url\":\"https:\/\/www.lounsburys.com\/fr\/rencontrez-notre-equipe-de-direction\/\",\"name\":\"Rencontrez notre \u00e9quipe d'entreprise - Groupe Lounsbury Group\",\"isPartOf\":{\"@id\":\"https:\/\/www.lounsburys.com\/#website\"},\"datePublished\":\"2018-12-20T13:48:31+00:00\",\"dateModified\":\"2021-08-18T12:55:01+00:00\",\"breadcrumb\":{\"@id\":\"https:\/\/www.lounsburys.com\/fr\/rencontrez-notre-equipe-de-direction\/#breadcrumb\"},\"inLanguage\":\"fr-FR\",\"potentialAction\":[{\"@type\":\"ReadAction\",\"target\":[\"https:\/\/www.lounsburys.com\/fr\/rencontrez-notre-equipe-de-direction\/\"]}]},{\"@type\":\"BreadcrumbList\",\"@id\":\"https:\/\/www.lounsburys.com\/fr\/rencontrez-notre-equipe-de-direction\/#breadcrumb\",\"itemListElement\":[{\"@type\":\"ListItem\",\"position\":1,\"name\":\"Home\",\"item\":\"https:\/\/www.lounsburys.com\/fr\/\"},{\"@type\":\"ListItem\",\"position\":2,\"name\":\"Rencontrez notre \u00e9quipe de direction\"}]},{\"@type\":\"WebSite\",\"@id\":\"https:\/\/www.lounsburys.com\/#website\",\"url\":\"https:\/\/www.lounsburys.com\/\",\"name\":\"Groupe Lounsbury Group\",\"description\":\"It&#039;s all about living\",\"potentialAction\":[{\"@type\":\"SearchAction\",\"target\":{\"@type\":\"EntryPoint\",\"urlTemplate\":\"https:\/\/www.lounsburys.com\/?s={search_term_string}\"},\"query-input\":{\"@type\":\"PropertyValueSpecification\",\"valueRequired\":true,\"valueName\":\"search_term_string\"}}],\"inLanguage\":\"fr-FR\"}]}<\/script>\n<!-- \/ Yoast SEO plugin. -->","yoast_head_json":{"title":"Rencontrez notre \u00e9quipe d'entreprise - Groupe Lounsbury Group","robots":{"index":"index","follow":"follow","max-snippet":"max-snippet:-1","max-image-preview":"max-image-preview:large","max-video-preview":"max-video-preview:-1"},"canonical":"https:\/\/www.lounsburys.com\/fr\/rencontrez-notre-equipe-de-direction\/","og_locale":"fr_FR","og_type":"article","og_title":"Rencontrez notre \u00e9quipe d'entreprise - Groupe Lounsbury Group","og_description":"[vc_row bg_type=\u00a0\u00bbimage\u00a0\u00bb parallax_style=\u00a0\u00bbvcpb-vz-jquery\u00a0\u00bb bg_image_new=\u00a0\u00bbid^15237|url^https:\/\/www.lounsburys.com\/wp-content\/uploads\/2018\/12\/Group-Photo-2.jpg|caption^null|alt^null|title^Group-Photo|description^null\u00a0\u00bb bg_image_repeat=\u00a0\u00bbno-repeat\u00a0\u00bb bg_override=\u00a0\u00bbex-full\u00a0\u00bb enable_overlay=\u00a0\u00bbenable_overlay_value\u00a0\u00bb overlay_color=\u00a0\u00bbrgba(0,0,0,0.5)\u00a0\u00bb overlay_pattern=\u00a0\u00bbtransperant\u00a0\u00bb overlay_pattern_opacity=\u00a0\u00bb25&Prime; type=\u00a0\u00bbvc_default\u00a0\u00bb margin_top=\u00a0\u00bb-50&Prime; css=\u00a0\u00bb.vc_custom_1544543265782{padding-top: 10% !important;padding-bottom: 10% !important;background-color: #000000 !important;}\u00a0\u00bb][vc_column offset=\u00a0\u00bbvc_col-lg-12 vc_col-md-12&Prime; css=\u00a0\u00bb.vc_custom_1476030031960{padding-bottom: 10px !important;}\u00a0\u00bb][\/vc_column][\/vc_row][vc_row equal_height=\u00a0\u00bbyes\u00a0\u00bb bg_type=\u00a0\u00bbbg_color\u00a0\u00bb bg_override=\u00a0\u00bbex-full\u00a0\u00bb type=\u00a0\u00bbvc_default\u00a0\u00bb margin_bottom=\u00a0\u00bb10&Prime; bg_color_value=\u00a0\u00bb#f6f6f6&Prime; css=\u00a0\u00bb.vc_custom_1545313859148{padding-top: 70px !important;padding-bottom: 20px !important;}\u00a0\u00bb][vc_column css=\u00a0\u00bb.vc_custom_1490183961234{padding-bottom: 70px !important;}\u00a0\u00bb][vc_empty_space][vc_row_inner][vc_column_inner width=\u00a0\u00bb1\/3&Prime;][vc_column_text] Ed McNally Pr\u00e9sident &amp; directeur g\u00e9n\u00e9ral [\/vc_column_text][\/vc_column_inner][vc_column_inner width=\u00a0\u00bb1\/3&Prime;][vc_column_text] Mike Jenkins VP &amp; COF [\/vc_column_text][\/vc_column_inner][vc_column_inner width=\u00a0\u00bb1\/3&Prime;][vc_column_text] Michelle&hellip;","og_url":"https:\/\/www.lounsburys.com\/fr\/rencontrez-notre-equipe-de-direction\/","og_site_name":"Groupe Lounsbury Group","article_modified_time":"2021-08-18T12:55:01+00:00","og_image":[{"width":1200,"height":630,"url":"https:\/\/www.lounsburys.com\/wp-content\/uploads\/2019\/03\/Facebook-Share-Image.jpg","type":"image\/jpeg"}],"twitter_card":"summary_large_image","twitter_misc":{"Dur\u00e9e de lecture estim\u00e9e":"1 minute"},"schema":{"@context":"https:\/\/schema.org","@graph":[{"@type":"WebPage","@id":"https:\/\/www.lounsburys.com\/fr\/rencontrez-notre-equipe-de-direction\/","url":"https:\/\/www.lounsburys.com\/fr\/rencontrez-notre-equipe-de-direction\/","name":"Rencontrez notre \u00e9quipe d'entreprise - Groupe Lounsbury Group","isPartOf":{"@id":"https:\/\/www.lounsburys.com\/#website"},"datePublished":"2018-12-20T13:48:31+00:00","dateModified":"2021-08-18T12:55:01+00:00","breadcrumb":{"@id":"https:\/\/www.lounsburys.com\/fr\/rencontrez-notre-equipe-de-direction\/#breadcrumb"},"inLanguage":"fr-FR","potentialAction":[{"@type":"ReadAction","target":["https:\/\/www.lounsburys.com\/fr\/rencontrez-notre-equipe-de-direction\/"]}]},{"@type":"BreadcrumbList","@id":"https:\/\/www.lounsburys.com\/fr\/rencontrez-notre-equipe-de-direction\/#breadcrumb","itemListElement":[{"@type":"ListItem","position":1,"name":"Home","item":"https:\/\/www.lounsburys.com\/fr\/"},{"@type":"ListItem","position":2,"name":"Rencontrez notre \u00e9quipe de direction"}]},{"@type":"WebSite","@id":"https:\/\/www.lounsburys.com\/#website","url":"https:\/\/www.lounsburys.com\/","name":"Groupe Lounsbury Group","description":"It&#039;s all about living","potentialAction":[{"@type":"SearchAction","target":{"@type":"EntryPoint","urlTemplate":"https:\/\/www.lounsburys.com\/?s={search_term_string}"},"query-input":{"@type":"PropertyValueSpecification","valueRequired":true,"valueName":"search_term_string"}}],"inLanguage":"fr-FR"}]}},"_links":{"self":[{"href":"https:\/\/www.lounsburys.com\/fr\/wp-json\/wp\/v2\/pages\/16018","targetHints":{"allow":["GET"]}}],"collection":[{"href":"https:\/\/www.lounsburys.com\/fr\/wp-json\/wp\/v2\/pages"}],"about":[{"href":"https:\/\/www.lounsburys.com\/fr\/wp-json\/wp\/v2\/types\/page"}],"author":[{"embeddable":true,"href":"https:\/\/www.lounsburys.com\/fr\/wp-json\/wp\/v2\/users\/1"}],"replies":[{"embeddable":true,"href":"https:\/\/www.lounsburys.com\/fr\/wp-json\/wp\/v2\/comments?post=16018"}],"version-history":[{"count":8,"href":"https:\/\/www.lounsburys.com\/fr\/wp-json\/wp\/v2\/pages\/16018\/revisions"}],"predecessor-version":[{"id":16118,"href":"https:\/\/www.lounsburys.com\/fr\/wp-json\/wp\/v2\/pages\/16018\/revisions\/16118"}],"wp:attachment":[{"href":"https:\/\/www.lounsburys.com\/fr\/wp-json\/wp\/v2\/media?parent=16018"}],"curies":[{"name":"wp","href":"https:\/\/api.w.org\/{rel}","templated":true}]}}