{"id":16182,"date":"2023-06-20T12:13:45","date_gmt":"2023-06-20T15:13:45","guid":{"rendered":"http:\/\/www.lounsburys.com\/conditions-dutilisation\/"},"modified":"2023-06-20T12:13:45","modified_gmt":"2023-06-20T15:13:45","slug":"conditions-dutilisation","status":"publish","type":"page","link":"https:\/\/www.lounsburys.com\/fr\/conditions-dutilisation\/","title":{"rendered":"Conditions d&rsquo;utilisation"},"content":{"rendered":"<div class=\"wpb-content-wrapper\"><p>[vc_row][vc_column][vc_column_text]EN ACC\u00c9DANT \u00c0 CE SITE WEB, VOUS ACCEPTEZ LES TERMES ET CONDITIONS \u00c9NONC\u00c9S DANS CET AVIS DE NON-RESPONSABILIT\u00c9. Si vous n\u2019\u00eates pas d\u2019accord avec les termes et conditions d\u00e9crits ici, vous devez imm\u00e9diatement cesser d\u2019utiliser ce site Web.<\/p>\n<p>Nous nous r\u00e9servons le droit, \u00e0 notre discr\u00e9tion, de changer, modifier, ajouter ou supprimer des parties de cette clause de non-responsabilit\u00e9 \u00e0 tout moment. Veuillez v\u00e9rifier r\u00e9guli\u00e8rement cette clause de non-responsabilit\u00e9 pour les modifications. Votre utilisation continue de ce site Web apr\u00e8s la publication des modifications apport\u00e9es \u00e0 ces conditions signifie que vous acceptez ces modifications.<\/p>\n<p>CE SITE WEB EST FOURNI \u00ab EN L\u2019\u00c9TAT \u00bb ET \u00ab SELON LA DISPONIBILIT\u00c9 \u00bb. NOUS N\u2019ACCEPTONS AUCUNE RESPONSABILIT\u00c9 QUELLE QU\u2019ELLE SOIT POUR VOTRE UTILISATION OU VOTRE ACC\u00c8S \u00c0 CE SITE WEB. Ce site Web ne repr\u00e9sente ni ne garantit que :<\/p>\n<p>(a) l\u2019acc\u00e8s au site Web sera s\u00e9curis\u00e9, opportun, sans erreur ou virus, ou ininterrompu ;<\/p>\n<p>(b) les communications vers ou depuis ce site Web seront s\u00e9curis\u00e9es ou exemptes d\u2019interception ;<\/p>\n<p>(c) ce site Web et son contenu seront exacts, complets ou \u00e0 jour ; ou<\/p>\n<p>(d) les erreurs, d\u00e9fauts et inexactitudes de ce site Web seront corrig\u00e9s.<\/p>\n<p><b>Clause de non-responsabilit\u00e9 :<\/b><\/p>\n<p>CE SITE WEB ET SON FOURNISSEUR D\u2019H\u00c9BERGEMENT D\u00c9CLINENT EXPRESS\u00c9MENT TOUTE RESPONSABILIT\u00c9 POUR TOUS DOMMAGES ET PERTES (DIRECTS OU INDIRECTS, ACCESSOIRES, SP\u00c9CIAUX, CONS\u00c9CUTIFS, PUNITIFS OU AUTRES) R\u00c9SULTANT DE OU LI\u00c9S DE QUELQUE MANI\u00c8RE \u00c0 VOTRE UTILISATION OU \u00c0 VOTRE ACC\u00c8S \u00c0 CE SITE WEB OU \u00c0 SON CONTENU ( Y COMPRIS LES LIENS HYPERTEXTES FOURNIS SUR CE SITE WEB), Y COMPRIS, SANS S\u2019Y LIMITER, LES DOMMAGES \u00c0 TOUT ORDINATEUR, APPLICATION LOGICIELLE OU DONN\u00c9ES PAR TOUT VIRUS QUI POURRAIT \u00caTRE TRANSMIS OU ACTIV\u00c9 VIA CE SITE WEB OU PAR L\u2019ACC\u00c8S \u00c0 CE SITE WEB, TOUTE VIOLATION DU COPYRIGHT OU AUTRE PROPRI\u00c9T\u00c9 INTELLECTUELLE DROITE. Il est de votre seule responsabilit\u00e9 de prendre des pr\u00e9cautions pour vous assurer que tout ce que vous acc\u00e9dez ou t\u00e9l\u00e9chargez sur Internet est exempt d\u2019\u00e9l\u00e9ments tels que virus, vers, chevaux de Troie et autres \u00e9l\u00e9ments de nature destructrice. Vous \u00eates averti d\u2019installer et d\u2019utiliser un antivirus ou un autre logiciel de protection appropri\u00e9.<\/p>\n<p>Toute reproduction ou stockage non autoris\u00e9 est strictement interdit.[\/vc_column_text][\/vc_column][\/vc_row]<\/p>\n<\/div>","protected":false},"excerpt":{"rendered":"<p>[vc_row][vc_column][vc_column_text]EN ACC\u00c9DANT \u00c0 CE SITE WEB, VOUS ACCEPTEZ LES TERMES ET CONDITIONS \u00c9NONC\u00c9S DANS CET AVIS DE NON-RESPONSABILIT\u00c9. Si vous n\u2019\u00eates pas d\u2019accord avec les termes et conditions d\u00e9crits ici, vous devez imm\u00e9diatement cesser d\u2019utiliser ce site Web. Nous nous r\u00e9servons le droit, \u00e0 notre discr\u00e9tion, de changer, modifier, ajouter ou supprimer des parties de&hellip;<\/p>\n","protected":false},"author":1,"featured_media":0,"parent":0,"menu_order":0,"comment_status":"closed","ping_status":"closed","template":"","meta":{"_exactmetrics_skip_tracking":false,"_exactmetrics_sitenote_active":false,"_exactmetrics_sitenote_note":"","_exactmetrics_sitenote_category":0,"footnotes":""},"class_list":["post-16182","page","type-page","status-publish","hentry","description-off"],"yoast_head":"<!-- This site is optimized with the Yoast SEO plugin v26.8 - https:\/\/yoast.com\/product\/yoast-seo-wordpress\/ -->\n<title>Conditions d&#039;utilisation - Groupe Lounsbury Group<\/title>\n<meta name=\"robots\" content=\"noindex, nofollow\" \/>\n<meta property=\"og:locale\" content=\"fr_FR\" \/>\n<meta property=\"og:type\" content=\"article\" \/>\n<meta property=\"og:title\" content=\"Conditions d&#039;utilisation - Groupe Lounsbury Group\" \/>\n<meta property=\"og:description\" content=\"[vc_row][vc_column][vc_column_text]EN ACC\u00c9DANT \u00c0 CE SITE WEB, VOUS ACCEPTEZ LES TERMES ET CONDITIONS \u00c9NONC\u00c9S DANS CET AVIS DE NON-RESPONSABILIT\u00c9. Si vous n\u2019\u00eates pas d\u2019accord avec les termes et conditions d\u00e9crits ici, vous devez imm\u00e9diatement cesser d\u2019utiliser ce site Web. Nous nous r\u00e9servons le droit, \u00e0 notre discr\u00e9tion, de changer, modifier, ajouter ou supprimer des parties de&hellip;\" \/>\n<meta property=\"og:url\" content=\"https:\/\/www.lounsburys.com\/terms-of-use\/\" \/>\n<meta property=\"og:site_name\" content=\"Groupe Lounsbury Group\" \/>\n<meta property=\"og:image\" content=\"https:\/\/www.lounsburys.com\/wp-content\/uploads\/2019\/03\/Facebook-Share-Image.jpg\" \/>\n\t<meta property=\"og:image:width\" content=\"1200\" \/>\n\t<meta property=\"og:image:height\" content=\"630\" \/>\n\t<meta property=\"og:image:type\" content=\"image\/jpeg\" \/>\n<meta name=\"twitter:card\" content=\"summary_large_image\" \/>\n<meta name=\"twitter:label1\" content=\"Dur\u00e9e de lecture estim\u00e9e\" \/>\n\t<meta name=\"twitter:data1\" content=\"2 minutes\" \/>\n<script type=\"application\/ld+json\" class=\"yoast-schema-graph\">{\"@context\":\"https:\/\/schema.org\",\"@graph\":[{\"@type\":\"WebPage\",\"@id\":\"https:\/\/www.lounsburys.com\/terms-of-use\/\",\"url\":\"https:\/\/www.lounsburys.com\/terms-of-use\/\",\"name\":\"Conditions d'utilisation - Groupe Lounsbury Group\",\"isPartOf\":{\"@id\":\"https:\/\/www.lounsburys.com\/#website\"},\"datePublished\":\"2023-06-20T15:13:45+00:00\",\"breadcrumb\":{\"@id\":\"https:\/\/www.lounsburys.com\/terms-of-use\/#breadcrumb\"},\"inLanguage\":\"fr-FR\",\"potentialAction\":[{\"@type\":\"ReadAction\",\"target\":[\"https:\/\/www.lounsburys.com\/terms-of-use\/\"]}]},{\"@type\":\"BreadcrumbList\",\"@id\":\"https:\/\/www.lounsburys.com\/terms-of-use\/#breadcrumb\",\"itemListElement\":[{\"@type\":\"ListItem\",\"position\":1,\"name\":\"Home\",\"item\":\"https:\/\/www.lounsburys.com\/fr\/\"},{\"@type\":\"ListItem\",\"position\":2,\"name\":\"Conditions d&#8217;utilisation\"}]},{\"@type\":\"WebSite\",\"@id\":\"https:\/\/www.lounsburys.com\/#website\",\"url\":\"https:\/\/www.lounsburys.com\/\",\"name\":\"Groupe Lounsbury Group\",\"description\":\"It&#039;s all about living\",\"potentialAction\":[{\"@type\":\"SearchAction\",\"target\":{\"@type\":\"EntryPoint\",\"urlTemplate\":\"https:\/\/www.lounsburys.com\/?s={search_term_string}\"},\"query-input\":{\"@type\":\"PropertyValueSpecification\",\"valueRequired\":true,\"valueName\":\"search_term_string\"}}],\"inLanguage\":\"fr-FR\"}]}<\/script>\n<!-- \/ Yoast SEO plugin. -->","yoast_head_json":{"title":"Conditions d'utilisation - Groupe Lounsbury Group","robots":{"index":"noindex","follow":"nofollow"},"og_locale":"fr_FR","og_type":"article","og_title":"Conditions d'utilisation - Groupe Lounsbury Group","og_description":"[vc_row][vc_column][vc_column_text]EN ACC\u00c9DANT \u00c0 CE SITE WEB, VOUS ACCEPTEZ LES TERMES ET CONDITIONS \u00c9NONC\u00c9S DANS CET AVIS DE NON-RESPONSABILIT\u00c9. Si vous n\u2019\u00eates pas d\u2019accord avec les termes et conditions d\u00e9crits ici, vous devez imm\u00e9diatement cesser d\u2019utiliser ce site Web. Nous nous r\u00e9servons le droit, \u00e0 notre discr\u00e9tion, de changer, modifier, ajouter ou supprimer des parties de&hellip;","og_url":"https:\/\/www.lounsburys.com\/terms-of-use\/","og_site_name":"Groupe Lounsbury Group","og_image":[{"width":1200,"height":630,"url":"https:\/\/www.lounsburys.com\/wp-content\/uploads\/2019\/03\/Facebook-Share-Image.jpg","type":"image\/jpeg"}],"twitter_card":"summary_large_image","twitter_misc":{"Dur\u00e9e de lecture estim\u00e9e":"2 minutes"},"schema":{"@context":"https:\/\/schema.org","@graph":[{"@type":"WebPage","@id":"https:\/\/www.lounsburys.com\/terms-of-use\/","url":"https:\/\/www.lounsburys.com\/terms-of-use\/","name":"Conditions d'utilisation - Groupe Lounsbury Group","isPartOf":{"@id":"https:\/\/www.lounsburys.com\/#website"},"datePublished":"2023-06-20T15:13:45+00:00","breadcrumb":{"@id":"https:\/\/www.lounsburys.com\/terms-of-use\/#breadcrumb"},"inLanguage":"fr-FR","potentialAction":[{"@type":"ReadAction","target":["https:\/\/www.lounsburys.com\/terms-of-use\/"]}]},{"@type":"BreadcrumbList","@id":"https:\/\/www.lounsburys.com\/terms-of-use\/#breadcrumb","itemListElement":[{"@type":"ListItem","position":1,"name":"Home","item":"https:\/\/www.lounsburys.com\/fr\/"},{"@type":"ListItem","position":2,"name":"Conditions d&#8217;utilisation"}]},{"@type":"WebSite","@id":"https:\/\/www.lounsburys.com\/#website","url":"https:\/\/www.lounsburys.com\/","name":"Groupe Lounsbury Group","description":"It&#039;s all about living","potentialAction":[{"@type":"SearchAction","target":{"@type":"EntryPoint","urlTemplate":"https:\/\/www.lounsburys.com\/?s={search_term_string}"},"query-input":{"@type":"PropertyValueSpecification","valueRequired":true,"valueName":"search_term_string"}}],"inLanguage":"fr-FR"}]}},"_links":{"self":[{"href":"https:\/\/www.lounsburys.com\/fr\/wp-json\/wp\/v2\/pages\/16182","targetHints":{"allow":["GET"]}}],"collection":[{"href":"https:\/\/www.lounsburys.com\/fr\/wp-json\/wp\/v2\/pages"}],"about":[{"href":"https:\/\/www.lounsburys.com\/fr\/wp-json\/wp\/v2\/types\/page"}],"author":[{"embeddable":true,"href":"https:\/\/www.lounsburys.com\/fr\/wp-json\/wp\/v2\/users\/1"}],"replies":[{"embeddable":true,"href":"https:\/\/www.lounsburys.com\/fr\/wp-json\/wp\/v2\/comments?post=16182"}],"version-history":[{"count":3,"href":"https:\/\/www.lounsburys.com\/fr\/wp-json\/wp\/v2\/pages\/16182\/revisions"}],"predecessor-version":[{"id":16185,"href":"https:\/\/www.lounsburys.com\/fr\/wp-json\/wp\/v2\/pages\/16182\/revisions\/16185"}],"wp:attachment":[{"href":"https:\/\/www.lounsburys.com\/fr\/wp-json\/wp\/v2\/media?parent=16182"}],"curies":[{"name":"wp","href":"https:\/\/api.w.org\/{rel}","templated":true}]}}